{"id":3190,"date":"2026-02-28T17:58:58","date_gmt":"2026-02-28T16:58:58","guid":{"rendered":"https:\/\/jovagym.es\/?page_id=3190"},"modified":"2026-03-01T12:08:55","modified_gmt":"2026-03-01T11:08:55","slug":"politica-de-cookies","status":"publish","type":"page","link":"https:\/\/jovagym.es\/en\/politica-de-cookies\/","title":{"rendered":"COOKIES POLICY"},"content":{"rendered":"<h2 class=\"wp-block-heading\">1. Qu\u00e9 son las cookies<\/h2>\n\n\n\n<p>Las cookies son peque\u00f1os archivos que se almacenan en el dispositivo del usuario al visitar una p\u00e1gina web. Permiten que el sitio recuerde informaci\u00f3n sobre la visita para mejorar la experiencia de navegaci\u00f3n.<\/p>\n\n\n\n<hr class=\"wp-block-separator has-alpha-channel-opacity\"\/>\n\n\n\n<h2 class=\"wp-block-heading\">2. Tipos de cookies utilizadas<\/h2>\n\n\n\n<p>Este sitio web puede utilizar los siguientes tipos de cookies:<\/p>\n\n\n\n<h3 class=\"wp-block-heading\">Cookies t\u00e9cnicas<\/h3>\n\n\n\n<p>Son necesarias para el funcionamiento b\u00e1sico de la p\u00e1gina web y permiten la navegaci\u00f3n y el uso de sus funcionalidades.<\/p>\n\n\n\n<h3 class=\"wp-block-heading\">Cookies de an\u00e1lisis<\/h3>\n\n\n\n<p>Permiten conocer c\u00f3mo interact\u00faan los usuarios con el sitio web y ayudan a mejorar los servicios ofrecidos.<\/p>\n\n\n\n<h3 class=\"wp-block-heading\">Cookies de terceros<\/h3>\n\n\n\n<p>Algunos servicios externos integrados en la web pueden instalar cookies propias para su funcionamiento.<\/p>\n\n\n\n<hr class=\"wp-block-separator has-alpha-channel-opacity\"\/>\n\n\n\n<h2 class=\"wp-block-heading\">3. Finalidad de las cookies<\/h2>\n\n\n\n<p>Las cookies utilizadas en este sitio web tienen como objetivo:<\/p>\n\n\n\n<ul class=\"wp-block-list\">\n<li>mejorar la experiencia del usuario<\/li>\n\n\n\n<li>analizar el comportamiento de navegaci\u00f3n<\/li>\n\n\n\n<li>optimizar el funcionamiento de la p\u00e1gina<\/li>\n\n\n\n<li>ofrecer contenidos adaptados<\/li>\n<\/ul>\n\n\n\n<hr class=\"wp-block-separator has-alpha-channel-opacity\"\/>\n\n\n\n<h2 class=\"wp-block-heading\">4. Gesti\u00f3n de cookies<\/h2>\n\n\n\n<p>El usuario puede permitir, bloquear o eliminar las cookies mediante la configuraci\u00f3n de su navegador.<\/p>\n\n\n\n<p>La desactivaci\u00f3n de cookies puede afectar al correcto funcionamiento de algunas partes del sitio web.<\/p>\n\n\n\n<hr class=\"wp-block-separator has-alpha-channel-opacity\"\/>\n\n\n\n<h2 class=\"wp-block-heading\">5. Actualizaci\u00f3n de la pol\u00edtica<\/h2>\n\n\n\n<p>La presente pol\u00edtica de cookies puede modificarse en funci\u00f3n de cambios legislativos o t\u00e9cnicos.<\/p>\n\n\n\n<p>Se recomienda revisarla peri\u00f3dicamente.<\/p>\n\n\n\n<p><\/p>","protected":false},"excerpt":{"rendered":"<p>1. Qu\u00e9 son las cookies Las cookies son peque\u00f1os archivos que se almacenan en el dispositivo del usuario al visitar una p\u00e1gina web. Permiten que el sitio recuerde informaci\u00f3n sobre la visita para mejorar la experiencia de navegaci\u00f3n. 2. Tipos de cookies utilizadas Este sitio web puede utilizar los siguientes tipos de cookies: Cookies t\u00e9cnicas [&hellip;]<\/p>\n","protected":false},"author":1,"featured_media":0,"parent":0,"menu_order":0,"comment_status":"closed","ping_status":"closed","template":"","meta":{"_uag_custom_page_level_css":"","site-sidebar-layout":"default","site-content-layout":"","ast-site-content-layout":"default","site-content-style":"default","site-sidebar-style":"default","ast-global-header-display":"","ast-banner-title-visibility":"","ast-main-header-display":"","ast-hfb-above-header-display":"","ast-hfb-below-header-display":"","ast-hfb-mobile-header-display":"","site-post-title":"","ast-breadcrumbs-content":"","ast-featured-img":"","footer-sml-layout":"","ast-disable-related-posts":"","theme-transparent-header-meta":"","adv-header-id-meta":"","stick-header-meta":"","header-above-stick-meta":"","header-main-stick-meta":"","header-below-stick-meta":"","astra-migrate-meta-layouts":"set","ast-page-background-enabled":"default","ast-page-background-meta":{"desktop":{"background-color":"","background-image":"","background-repeat":"repeat","background-position":"center center","background-size":"auto","background-attachment":"scroll","background-type":"","background-media":"","overlay-type":"","overlay-color":"","overlay-opacity":"","overlay-gradient":""},"tablet":{"background-color":"","background-image":"","background-repeat":"repeat","background-position":"center center","background-size":"auto","background-attachment":"scroll","background-type":"","background-media":"","overlay-type":"","overlay-color":"","overlay-opacity":"","overlay-gradient":""},"mobile":{"background-color":"","background-image":"","background-repeat":"repeat","background-position":"center center","background-size":"auto","background-attachment":"scroll","background-type":"","background-media":"","overlay-type":"","overlay-color":"","overlay-opacity":"","overlay-gradient":""}},"ast-content-background-meta":{"desktop":{"background-color":"var(--ast-global-color-5)","background-image":"","background-repeat":"repeat","background-position":"center center","background-size":"auto","background-attachment":"scroll","background-type":"","background-media":"","overlay-type":"","overlay-color":"","overlay-opacity":"","overlay-gradient":""},"tablet":{"background-color":"var(--ast-global-color-5)","background-image":"","background-repeat":"repeat","background-position":"center center","background-size":"auto","background-attachment":"scroll","background-type":"","background-media":"","overlay-type":"","overlay-color":"","overlay-opacity":"","overlay-gradient":""},"mobile":{"background-color":"var(--ast-global-color-5)","background-image":"","background-repeat":"repeat","background-position":"center center","background-size":"auto","background-attachment":"scroll","background-type":"","background-media":"","overlay-type":"","overlay-color":"","overlay-opacity":"","overlay-gradient":""}},"footnotes":""},"class_list":["post-3190","page","type-page","status-publish","hentry"],"_hostinger_reach_plugin_has_subscription_block":false,"_hostinger_reach_plugin_is_elementor":false,"uagb_featured_image_src":{"full":false,"thumbnail":false,"medium":false,"medium_large":false,"large":false,"1536x1536":false,"2048x2048":false,"trp-custom-language-flag":false},"uagb_author_info":{"display_name":"fessadeq@outlook.com","author_link":"https:\/\/jovagym.es\/en\/author\/fessadeqoutlook-com\/"},"uagb_comment_info":0,"uagb_excerpt":"1. Qu\u00e9 son las cookies Las cookies son peque\u00f1os archivos que se almacenan en el dispositivo del usuario al visitar una p\u00e1gina web. Permiten que el sitio recuerde informaci\u00f3n sobre la visita para mejorar la experiencia de navegaci\u00f3n. 2. Tipos de cookies utilizadas Este sitio web puede utilizar los siguientes tipos de cookies: Cookies t\u00e9cnicas&hellip;","_links":{"self":[{"href":"https:\/\/jovagym.es\/en\/wp-json\/wp\/v2\/pages\/3190","targetHints":{"allow":["GET"]}}],"collection":[{"href":"https:\/\/jovagym.es\/en\/wp-json\/wp\/v2\/pages"}],"about":[{"href":"https:\/\/jovagym.es\/en\/wp-json\/wp\/v2\/types\/page"}],"author":[{"embeddable":true,"href":"https:\/\/jovagym.es\/en\/wp-json\/wp\/v2\/users\/1"}],"replies":[{"embeddable":true,"href":"https:\/\/jovagym.es\/en\/wp-json\/wp\/v2\/comments?post=3190"}],"version-history":[{"count":1,"href":"https:\/\/jovagym.es\/en\/wp-json\/wp\/v2\/pages\/3190\/revisions"}],"predecessor-version":[{"id":3191,"href":"https:\/\/jovagym.es\/en\/wp-json\/wp\/v2\/pages\/3190\/revisions\/3191"}],"wp:attachment":[{"href":"https:\/\/jovagym.es\/en\/wp-json\/wp\/v2\/media?parent=3190"}],"curies":[{"name":"wp","href":"https:\/\/api.w.org\/{rel}","templated":true}]}}